{"id":14,"date":"2015-12-23T12:04:08","date_gmt":"2015-12-23T11:04:08","guid":{"rendered":"http:\/\/www.jollyjacks.nl\/?page_id=14"},"modified":"2026-04-12T10:02:56","modified_gmt":"2026-04-12T09:02:56","slug":"over-ons","status":"publish","type":"page","link":"https:\/\/www.jollyjacks.nl\/?page_id=14","title":{"rendered":"Jollyjacks \u2013 Erkende Jack Russell fokker in Limburg"},"content":{"rendered":"\n<p><\/p>\n\n\n\n<h3 class=\"wp-block-heading\"><strong>Wie wij zijn \u2013 Jack Russell fokker in Tegelen (Limburg)<\/strong><\/h3>\n\n\n\n<p>Wij zijn Frans en Marjo Geraets en wonen samen met onze hondjes in Tegelen, gelegen in de gemeente Venlo in Limburg. Als kleinschalige Jack Russell fokker in Limburg combineren wij onze passie voor honden met een huiselijke en liefdevolle omgeving.<\/p>\n\n\n\n<p>Samen hebben wij twee volwassen kinderen en zijn wij trotse opa en oma van drie kleinkinderen, waar wij volop van genieten.<\/p>\n\n\n\n<figure class=\"wp-block-image size-large\"><img loading=\"lazy\" decoding=\"async\" width=\"1024\" height=\"504\" src=\"https:\/\/www.jollyjacks.nl\/wp-content\/uploads\/2026\/04\/Webpagina-Puppies-1024x504.jpg\" alt=\"\" class=\"wp-image-3761\" srcset=\"https:\/\/www.jollyjacks.nl\/wp-content\/uploads\/2026\/04\/Webpagina-Puppies-1024x504.jpg 1024w, https:\/\/www.jollyjacks.nl\/wp-content\/uploads\/2026\/04\/Webpagina-Puppies-300x148.jpg 300w, https:\/\/www.jollyjacks.nl\/wp-content\/uploads\/2026\/04\/Webpagina-Puppies-768x378.jpg 768w, https:\/\/www.jollyjacks.nl\/wp-content\/uploads\/2026\/04\/Webpagina-Puppies-1536x755.jpg 1536w, https:\/\/www.jollyjacks.nl\/wp-content\/uploads\/2026\/04\/Webpagina-Puppies-2048x1007.jpg 2048w, https:\/\/www.jollyjacks.nl\/wp-content\/uploads\/2026\/04\/Webpagina-Puppies-1200x590.jpg 1200w\" sizes=\"auto, (max-width: 709px) 85vw, (max-width: 909px) 67vw, (max-width: 1362px) 62vw, 840px\" \/><\/figure>\n\n\n\n<h3 class=\"wp-block-heading\"><strong>Onze liefde voor de Jack Russell Terri\u00ebr<\/strong><\/h3>\n\n\n\n<p>Onze passie voor de Jack Russell Terri\u00ebr begon met ons eerste hondje, Jolly. Al v\u00f3\u00f3r de offici\u00eble erkenning van het ras door de Raad van Beheer in Nederland, waren wij verliefd op dit energieke en intelligente ras.<\/p>\n\n\n\n<p>De Jack Russell Terri\u00ebr staat bekend om zijn levendige karakter, intelligentie en enorme werklust. Het zijn compacte, sterke honden die graag actief bezig zijn en een hechte band opbouwen met hun eigenaar \u2014 eigenschappen die dit ras zo geliefd maken.<\/p>\n\n\n\n<p>Dat is mede waarom wij&nbsp;puur hobbymatig, gemiddeld 1 tot 2 keer per jaar, een nestje raszuivere jackrussellterri\u00ebrs fokken. Wij zijn&nbsp;ingeschreven bij de Raad van Beheer onder de naam &#8220;Jollyjacks&#8221;. Dat wil zeggen dat de ouderdieren jaarlijks getest worden op erfelijke oogafwijkingen en vanaf de leeftijd van 1 jaar een test krijgen op aandoeningen aan de knie\u00ebn (patellae luxatie) en een DNA onderzoek moeten hebben ondergaan voor PLL (lensluxatie). Mochten er onderzoeken niet in orde zijn worden er geen stambomen voor de puppy&#8217;s afgegeven. Ook moeten de gewenste showkwalificaties behaald zijn. U kunt op onderstaande symbolen klikken dan wordt u verder geleid naar de websites van de betreffende verenigingen waarbij wij zijn aangesloten.<\/p>\n\n\n\n<figure class=\"wp-block-image\"><a href=\"http:\/\/www.houdenvanhonden.nl\"><img loading=\"lazy\" decoding=\"async\" width=\"180\" height=\"180\" src=\"http:\/\/www.jollyjacks.nl\/wp-content\/uploads\/2015\/12\/rvbpaars.png\" alt=\"rvbpaars\" class=\"wp-image-108\" srcset=\"https:\/\/www.jollyjacks.nl\/wp-content\/uploads\/2015\/12\/rvbpaars.png 180w, https:\/\/www.jollyjacks.nl\/wp-content\/uploads\/2015\/12\/rvbpaars-150x150.png 150w\" sizes=\"auto, (max-width: 180px) 85vw, 180px\" \/><\/a><\/figure>\n\n\n\n<p><\/p>\n\n\n\n<h3 class=\"wp-block-heading\"><strong>Erkende en verantwoorde Jack Russell fokker<\/strong><\/h3>\n\n\n\n<p>Als erkende fokker, aangesloten bij de Raad van Beheer onder de kennelnaam \u201cJollyjacks\u201d, fokken wij volgens de offici\u00eble richtlijnen voor gezondheid en welzijn.<\/p>\n\n\n\n<p>Onze ouderdieren worden uitgebreid getest, waaronder:<\/p>\n\n\n\n<ul class=\"wp-block-list\">\n<li>Jaarlijkse oogonderzoeken (erfelijke oogafwijkingen)<\/li>\n\n\n\n<li>Controle op patella luxatie (knieaandoeningen) vanaf 1 jaar<\/li>\n\n\n\n<li>DNA-test voor Primaire Lensluxatie (PLL)<\/li>\n<\/ul>\n\n\n\n<p>Alleen wanneer de ouderdieren volledig gezond zijn en voldoen aan de rasstandaard en showeisen, worden er Jack Russell puppy\u2019s met stamboom gefokt.<\/p>\n\n\n\n<figure class=\"wp-block-image size-large\"><img loading=\"lazy\" decoding=\"async\" width=\"1024\" height=\"683\" src=\"https:\/\/www.jollyjacks.nl\/wp-content\/uploads\/2026\/04\/MG_3371-1024x683.jpg\" alt=\"\" class=\"wp-image-3763\" srcset=\"https:\/\/www.jollyjacks.nl\/wp-content\/uploads\/2026\/04\/MG_3371-1024x683.jpg 1024w, https:\/\/www.jollyjacks.nl\/wp-content\/uploads\/2026\/04\/MG_3371-300x200.jpg 300w, https:\/\/www.jollyjacks.nl\/wp-content\/uploads\/2026\/04\/MG_3371-768x512.jpg 768w, https:\/\/www.jollyjacks.nl\/wp-content\/uploads\/2026\/04\/MG_3371-1536x1024.jpg 1536w, https:\/\/www.jollyjacks.nl\/wp-content\/uploads\/2026\/04\/MG_3371-2048x1365.jpg 2048w, https:\/\/www.jollyjacks.nl\/wp-content\/uploads\/2026\/04\/MG_3371-1200x800.jpg 1200w\" sizes=\"auto, (max-width: 709px) 85vw, (max-width: 909px) 67vw, (max-width: 1362px) 62vw, 840px\" \/><\/figure>\n\n\n\n<p><\/p>\n\n\n\n<h3 class=\"wp-block-heading\"><strong>Jack Russell puppy\u2019s met de beste start<\/strong><\/h3>\n\n\n\n<p>Wij fokken gemiddeld \u00e9\u00e9n tot twee nestjes Jack Russell puppy\u2019s per jaar, zodat wij elke pup de aandacht en zorg kunnen geven die hij verdient.<\/p>\n\n\n\n<p>Onze puppy\u2019s groeien op in huiselijke kring en worden van jongs af aan gesocialiseerd. Hierdoor wennen zij aan dagelijkse geluiden, mensen en andere honden. Dit zorgt voor stabiele, sociale en evenwichtige Jack Russell Terri\u00ebrs.<\/p>\n\n\n\n<hr class=\"wp-block-separator has-alpha-channel-opacity\"\/>\n\n\n\n<h3 class=\"wp-block-heading\"><strong>Huiselijke fokker \u2013 geen kennels<\/strong><\/h3>\n\n\n\n<p>Als huiselijke fokker kiezen wij er bewust voor om onze honden niet in kennels of buitenverblijven te houden. Onze honden leven bij ons in huis en maken volledig deel uit van ons gezin.<\/p>\n\n\n\n<p>Dit draagt bij aan het welzijn van onze honden \u00e9n aan de socialisatie van de puppy\u2019s. Wij kennen ieder hondje persoonlijk en geven ze de liefde en aandacht die ze verdienen.<\/p>\n\n\n\n<h3 class=\"wp-block-heading\"><strong>Actief leven met onze Jack Russell Terri\u00ebrs<\/strong><\/h3>\n\n\n\n<p>Jack Russell Terri\u00ebrs zijn actieve honden en wij spelen daar graag op in. Wij maken regelmatig boswandelingen en doen diverse activiteiten zoals:<\/p>\n\n\n\n<ul class=\"wp-block-list\">\n<li>Sociale wandelingen<\/li>\n\n\n\n<li>Mantrailen<\/li>\n\n\n\n<li>Detectietraining<\/li>\n\n\n\n<li>Balans- en co\u00f6rdinatietraining<\/li>\n<\/ul>\n\n\n\n<p>Hiermee stimuleren wij zowel het lichaam als de geest van onze honden.<\/p>\n\n\n\n<figure class=\"wp-block-image alignnone wp-image-547 size-full\"><img loading=\"lazy\" decoding=\"async\" width=\"4272\" height=\"2848\" src=\"http:\/\/www.jollyjacks.nl\/wp-content\/uploads\/2016\/07\/IMG_2865.jpg\" alt=\"jackrussell pups\" class=\"wp-image-547\" srcset=\"https:\/\/www.jollyjacks.nl\/wp-content\/uploads\/2016\/07\/IMG_2865.jpg 4272w, https:\/\/www.jollyjacks.nl\/wp-content\/uploads\/2016\/07\/IMG_2865-300x200.jpg 300w, https:\/\/www.jollyjacks.nl\/wp-content\/uploads\/2016\/07\/IMG_2865-768x512.jpg 768w, https:\/\/www.jollyjacks.nl\/wp-content\/uploads\/2016\/07\/IMG_2865-1024x683.jpg 1024w, https:\/\/www.jollyjacks.nl\/wp-content\/uploads\/2016\/07\/IMG_2865-1200x800.jpg 1200w\" sizes=\"auto, (max-width: 709px) 85vw, (max-width: 909px) 67vw, (max-width: 1362px) 62vw, 840px\" \/><figcaption class=\"wp-element-caption\">Jollyjacks Pretty Prada x Jack Mac Ju von Ewaldshof.<\/figcaption><\/figure>\n\n\n\n<figure class=\"wp-block-image size-large alignnone size-full wp-image-2575\"><img loading=\"lazy\" decoding=\"async\" width=\"1024\" height=\"683\" src=\"https:\/\/www.jollyjacks.nl\/wp-content\/uploads\/2026\/04\/3K8A7548-1024x683.jpg\" alt=\"\" class=\"wp-image-3766\" srcset=\"https:\/\/www.jollyjacks.nl\/wp-content\/uploads\/2026\/04\/3K8A7548-1024x683.jpg 1024w, https:\/\/www.jollyjacks.nl\/wp-content\/uploads\/2026\/04\/3K8A7548-300x200.jpg 300w, https:\/\/www.jollyjacks.nl\/wp-content\/uploads\/2026\/04\/3K8A7548-768x512.jpg 768w, https:\/\/www.jollyjacks.nl\/wp-content\/uploads\/2026\/04\/3K8A7548-1536x1024.jpg 1536w, https:\/\/www.jollyjacks.nl\/wp-content\/uploads\/2026\/04\/3K8A7548-2048x1366.jpg 2048w, https:\/\/www.jollyjacks.nl\/wp-content\/uploads\/2026\/04\/3K8A7548-1200x800.jpg 1200w\" sizes=\"auto, (max-width: 709px) 85vw, (max-width: 909px) 67vw, (max-width: 1362px) 62vw, 840px\" \/><figcaption class=\"wp-element-caption\">Kapris Volovi Yarle Ragnar<\/figcaption><\/figure>\n\n\n\n<h3 class=\"wp-block-heading\"><strong>Op zoek naar een Jack Russell puppy?<\/strong><\/h3>\n\n\n\n<p>Bent u op zoek naar een gezonde, goed gesocialiseerde Jack Russell puppy van een erkende fokker?  Dan bent u bij Jollyjacks aan het juiste adres.<\/p>\n\n\n\n<p>Voor ons draait het om meer dan alleen het fokken van puppy\u2019s \u2014 wij begeleiden onze pups naar een liefdevol en passend thuis, waar zij een volwaardig gezinslid mogen zijn.<\/p>\n\n\n\n<p>Heeft u nog vragen kunt u ons telefonisch bereiken op<\/p>\n\n\n\n<p>06-14749204<\/p>\n","protected":false},"excerpt":{"rendered":"<p>Wie wij zijn \u2013 Jack Russell fokker in Tegelen (Limburg) Wij zijn Frans en Marjo Geraets en wonen samen met onze hondjes in Tegelen, gelegen in de gemeente Venlo in Limburg. Als kleinschalige Jack Russell fokker in Limburg combineren wij onze passie voor honden met een huiselijke en liefdevolle omgeving. Samen hebben wij twee volwassen &hellip; <a href=\"https:\/\/www.jollyjacks.nl\/?page_id=14\" class=\"more-link\">Lees verder <span class=\"screen-reader-text\">&#8220;Jollyjacks \u2013 Erkende Jack Russell fokker in Limburg&#8221;<\/span><\/a><\/p>\n","protected":false},"author":1,"featured_media":0,"parent":0,"menu_order":0,"comment_status":"closed","ping_status":"closed","template":"","meta":{"footnotes":""},"class_list":["post-14","page","type-page","status-publish","hentry"],"_links":{"self":[{"href":"https:\/\/www.jollyjacks.nl\/index.php?rest_route=\/wp\/v2\/pages\/14","targetHints":{"allow":["GET"]}}],"collection":[{"href":"https:\/\/www.jollyjacks.nl\/index.php?rest_route=\/wp\/v2\/pages"}],"about":[{"href":"https:\/\/www.jollyjacks.nl\/index.php?rest_route=\/wp\/v2\/types\/page"}],"author":[{"embeddable":true,"href":"https:\/\/www.jollyjacks.nl\/index.php?rest_route=\/wp\/v2\/users\/1"}],"replies":[{"embeddable":true,"href":"https:\/\/www.jollyjacks.nl\/index.php?rest_route=%2Fwp%2Fv2%2Fcomments&post=14"}],"version-history":[{"count":68,"href":"https:\/\/www.jollyjacks.nl\/index.php?rest_route=\/wp\/v2\/pages\/14\/revisions"}],"predecessor-version":[{"id":3767,"href":"https:\/\/www.jollyjacks.nl\/index.php?rest_route=\/wp\/v2\/pages\/14\/revisions\/3767"}],"wp:attachment":[{"href":"https:\/\/www.jollyjacks.nl\/index.php?rest_route=%2Fwp%2Fv2%2Fmedia&parent=14"}],"curies":[{"name":"wp","href":"https:\/\/api.w.org\/{rel}","templated":true}]}}